{"id":10,"date":"2018-09-03T17:14:04","date_gmt":"2018-09-03T16:14:04","guid":{"rendered":"http:\/\/www.mihaelafluieras.ro\/front-page-3\/"},"modified":"2026-01-03T17:37:07","modified_gmt":"2026-01-03T16:37:07","slug":"cursuri","status":"publish","type":"page","link":"https:\/\/mihaelafluieras.ro\/","title":{"rendered":"Cursuri oferite"},"content":{"rendered":"\n<div class=\"wp-block-columns is-layout-flex wp-container-core-columns-is-layout-28f84493 wp-block-columns-is-layout-flex\">\n<div class=\"wp-block-column is-layout-flow wp-block-column-is-layout-flow\" style=\"flex-basis:100%\">\n<p><em><strong><span style=\"color: #0000ff;\">Profesoar\u0103 cu acreditare CELTA<\/span><\/strong><\/em><\/p>\n<p><span style=\"color: #0000ff;\"><strong> \u00cen anul \u0219colar 2025-2026 pute\u021bi opta la noi at\u00e2t pentru cursuri \u00een format fizic c\u00e2t \u0219i \u00een format online.<\/strong><\/span><\/p>\n<p>Cursuri englez\u0103:<br \/>\u2022 englez\u0103 general\u0103: NIVEL INCEPATOR, MEDIU SAU AVANSA\u0162I<br \/>\u2022 englez\u0103 pentru: BACALAUREAT, ADMITERE LA FACULTATEA, CERTIFIC\u0102RI INTERNA\u0162IONALE<br \/>\u2022 englez\u0103 de specialitate: afaceri, IT, medicin\u0103, contabilitate, turism, mass-media, agricultur\u0103, etc.<br \/>\u2022 englez\u0103 pentru avia\u0163ie<\/p>\n<p>Cursuri spaniol\u0103:<br \/>\u2022 spaniol\u0103 general\u0103: NIVEL INCEPATOR, MEDIU SAU AVANSA\u0162I<br \/>\u2022 spaniol\u0103 pentru: BACALAUREAT, ADMITERE LA FACULTATEA, CERTIFIC\u0102RI INTERNA\u0162IONALE<br \/>\u2022 spaniol\u0103 de specialitate: afaceri, IT, medicin\u0103, contabilitate, turism, mass-media, agricultur\u0103, etc.<\/p>\n<p>Romanian as a foreign language<\/p>\n<p>Learn with us a Romance language that will enlarge your vision about the world. Romanian is very friendly and it could help you in your stay in Romania and not only.<\/p>\n<\/div>\n<\/div>\n\n\n\n<p><\/p>\n","protected":false},"excerpt":{"rendered":"<p>Profesoar\u0103 cu acreditare CELTA \u00cen anul \u0219colar 2025-2026 pute\u021bi opta la noi at\u00e2t pentru cursuri \u00een format fizic c\u00e2t \u0219i \u00een format [&hellip;]<\/p>\n","protected":false},"author":1,"featured_media":0,"parent":0,"menu_order":0,"comment_status":"open","ping_status":"closed","template":"","meta":{"footnotes":""},"class_list":["post-10","page","type-page","status-publish","hentry"],"_links":{"self":[{"href":"https:\/\/mihaelafluieras.ro\/index.php\/wp-json\/wp\/v2\/pages\/10","targetHints":{"allow":["GET"]}}],"collection":[{"href":"https:\/\/mihaelafluieras.ro\/index.php\/wp-json\/wp\/v2\/pages"}],"about":[{"href":"https:\/\/mihaelafluieras.ro\/index.php\/wp-json\/wp\/v2\/types\/page"}],"author":[{"embeddable":true,"href":"https:\/\/mihaelafluieras.ro\/index.php\/wp-json\/wp\/v2\/users\/1"}],"replies":[{"embeddable":true,"href":"https:\/\/mihaelafluieras.ro\/index.php\/wp-json\/wp\/v2\/comments?post=10"}],"version-history":[{"count":0,"href":"https:\/\/mihaelafluieras.ro\/index.php\/wp-json\/wp\/v2\/pages\/10\/revisions"}],"wp:attachment":[{"href":"https:\/\/mihaelafluieras.ro\/index.php\/wp-json\/wp\/v2\/media?parent=10"}],"curies":[{"name":"wp","href":"https:\/\/api.w.org\/{rel}","templated":true}]}}