{"id":146,"date":"2018-06-11T16:32:17","date_gmt":"2018-06-11T13:32:17","guid":{"rendered":"http:\/\/localhost\/wordpress\/?page_id=146"},"modified":"2018-07-23T16:19:08","modified_gmt":"2018-07-23T15:19:08","slug":"despre-noi","status":"publish","type":"page","link":"https:\/\/mihaelafluieras.ro\/index.php\/despre-noi\/","title":{"rendered":"Despre noi"},"content":{"rendered":"<div id=\"pl-146\"  class=\"panel-layout\" >\n<div id=\"pg-146-0\"  class=\"panel-grid panel-has-style\"  data-style=\"{&quot;cell_alignment&quot;:&quot;flex-start&quot;,&quot;align&quot;:&quot;&quot;,&quot;background_image&quot;:false,&quot;overlay&quot;:&quot;&quot;,&quot;overlay_color&quot;:&quot;#000000&quot;}\"  data-ratio=\"1\"  data-ratio-direction=\"right\" >\n<div style=\"padding: 100px 0; \" data-overlay=\"true\" data-overlay-color=\"#000000\" class=\"panel-row-style panel-row-style-for-146-0\" >\n<div id=\"pgc-146-0-0\"  class=\"panel-grid-cell\"  data-weight=\"0.3\" >\n<div id=\"panel-146-0-0-0\" class=\"so-panel widget widget_media_image panel-first-child panel-last-child\" data-index=\"0\" data-style=\"{&quot;background_image_attachment&quot;:false,&quot;background_display&quot;:&quot;tile&quot;,&quot;content_alignment&quot;:&quot;left&quot;,&quot;title_color&quot;:&quot;#443f3f&quot;,&quot;headings_color&quot;:&quot;#443f3f&quot;}\" >\n<div style=\"text-align: left;\" data-title-color=\"#443f3f\" data-headings-color=\"#443f3f\" class=\"panel-widget-style panel-widget-style-for-146-0-0-0\" >[siteorigin_widget class=&#8221;WP_Widget_Media_Image&#8221;]<input type=\"hidden\" value=\"{&quot;instance&quot;:{&quot;attachment_id&quot;:234,&quot;url&quot;:&quot;http:\\\/\\\/localhost\\\/wordpress\\\/wp-content\\\/uploads\\\/2018\\\/06\\\/DSCF0434-300x225.jpg&quot;,&quot;title&quot;:&quot;&quot;,&quot;size&quot;:&quot;medium&quot;,&quot;width&quot;:4288,&quot;height&quot;:3216,&quot;caption&quot;:&quot;&quot;,&quot;alt&quot;:&quot;&quot;,&quot;link_type&quot;:&quot;custom&quot;,&quot;link_url&quot;:&quot;&quot;,&quot;image_classes&quot;:&quot;&quot;,&quot;link_classes&quot;:&quot;&quot;,&quot;link_rel&quot;:&quot;&quot;,&quot;link_target_blank&quot;:false,&quot;image_title&quot;:&quot;&quot;},&quot;args&quot;:{&quot;before_widget&quot;:&quot;&lt;div id=\\&quot;panel-146-0-0-0\\&quot; class=\\&quot;so-panel widget widget_media_image panel-first-child panel-last-child\\&quot; data-index=\\&quot;0\\&quot; data-style=\\&quot;{&amp;quot;background_image_attachment&amp;quot;:false,&amp;quot;background_display&amp;quot;:&amp;quot;tile&amp;quot;,&amp;quot;content_alignment&amp;quot;:&amp;quot;left&amp;quot;,&amp;quot;title_color&amp;quot;:&amp;quot;#443f3f&amp;quot;,&amp;quot;headings_color&amp;quot;:&amp;quot;#443f3f&amp;quot;}\\&quot; &gt;&lt;div style=\\&quot;text-align: left;\\&quot; data-title-color=\\&quot;#443f3f\\&quot; data-headings-color=\\&quot;#443f3f\\&quot; class=\\&quot;panel-widget-style panel-widget-style-for-146-0-0-0\\&quot; &gt;&quot;,&quot;after_widget&quot;:&quot;&lt;\\\/div&gt;&lt;\\\/div&gt;&quot;,&quot;before_title&quot;:&quot;&lt;h3 class=\\&quot;widget-title\\&quot;&gt;&quot;,&quot;after_title&quot;:&quot;&lt;\\\/h3&gt;&quot;,&quot;widget_id&quot;:&quot;widget-0-0-0&quot;}}\" \/>[\/siteorigin_widget]<\/div>\n<\/div>\n<\/div>\n<div id=\"pgc-146-0-1\"  class=\"panel-grid-cell\"  data-style=\"{&quot;background_image_attachment&quot;:false,&quot;background_display&quot;:&quot;tile&quot;,&quot;vertical_alignment&quot;:&quot;auto&quot;}\"  data-weight=\"0.7\" >\n<div id=\"panel-146-0-1-0\" class=\"so-panel widget widget_sow-editor panel-first-child panel-last-child\" data-index=\"1\" data-style=\"{&quot;background_image_attachment&quot;:false,&quot;background_display&quot;:&quot;tile&quot;,&quot;content_alignment&quot;:&quot;left&quot;,&quot;title_color&quot;:&quot;#443f3f&quot;,&quot;headings_color&quot;:&quot;#443f3f&quot;}\" >\n<div style=\"text-align: left;\" data-title-color=\"#443f3f\" data-headings-color=\"#443f3f\" class=\"panel-widget-style panel-widget-style-for-146-0-1-0\" >\n<div class=\"so-widget-sow-editor so-widget-sow-editor-base\">\n<div class=\"siteorigin-widget-tinymce textwidget\">\n<p>Bun\u04d1 ziua,<\/p>\n<p>M\u04d1 numesc Mihaela Fluiera\u1e63 \u1e63i sunt profesoar\u04d1 de englez\u04d1 \u1e63i de spaniol\u04d1. Am absolvit Facultatea de Litere din cadrul Universit\u04d1\u1e6dii Babe\u1e63- Bolyai din Cluj- Napoca, Rom\u00e2nia continu\u00e2nd cu un masterat \u00een Studii Culturale Irlandeze finalizat 2011. \u00cen aceast\u04d1 perioada frecvent\u00e2nd modulul pedagogic c\u04d1l\u04d1uzit\u04d1 de pasiunea mea pentru pedagogie.<\/p>\n<p>Vorbesc fluent englez\u04d1, spaniol\u04d1, francez\u04d1, italian\u04d1 \u1e63i portughez\u04d1 put\u00e2nd face foarte multe conexiuni \u00eentre aceste limbi pentru a facilita \u00een\u0163elegerea lor. Am predat \u00eencepand cu anul 2009 la \u1e63coli primare, generale, licee \u1e63i\u00a0 \u1e63coli post liceale sanitare unde am predat englez\u04d1 medical\u04d1.<\/p>\n<p>Am lucrat \u00een industria de lux din Fran\u1e6da \u00een hoteluri de 4 si 5 stele precum \u1e63i pentru dou\u04d1 companii de croazier\u04d1 din Europa. Sunt ghid\u04d1 de turism, traduc\u04d1toare \u1e63i interpret\u04d1. Doresc\u00a0 s\u04d1 \u00eemp\u04d1rt\u04d1\u1e63esc cu dumneavoastr\u04d1 experien\u0163a mea de predare, \u00eembinat\u04d1 cu pasinea pentru limbi str\u04d1ine, pasiune care m-a purtat \u00een \u00eentreaga lume av\u00e2nd contact cu culturile \u0163\u04d1rilor ale c\u04d1ror limbi le predau. \u00cen c\u04d1l\u04d1toriile mele am \u00eent\u00e2lnit numero\u1e63i oameni frumo\u1e63i care mi\u2013au \u00eemp\u04d1rt\u04d1\u1e63it o parte din cultura lor. Pa\u1e63ii m-au c\u04d1l\u04d1uzit din\u00a0 Anglia, prin Spania, Franta, Italia, Portugalia, Israel, Iordania, Seychelles, Maldive, Malaezia, Tailanda, Singapore, India, Emiratele Arabe Unite, Oman, etc.\u00a0 p\u00e2n\u04d1 \u00een \u00eendepartata Australie. \u00cen 2012 am decis s\u04d1 fiu stewardes\u04d1 \u00eendeplinindu-mi acest vis \u00een 2016. Sunt pasionat\u04d1 de pedagogie, limbi str\u04d1ine, avia\u1e6die, cinema si\u00a0 c\u04d1l\u04d1torii fiind probabil una dintre pu\u0163inii traineri care au o experin\u0163\u04d1 at\u00e2t \u00een predarea limbilor str\u04d1ine c\u00e2t \u1e63i \u00een avia\u0163ie.<\/p>\n<p>Veni\u0163i la noi\u00a0 \u1e63i ve\u0163i descoperi c\u04d1 pute\u0163i \u00eenva\u0163a o limb\u04d1 strain\u04d1 la fel de natural precum respira\u0163i!<\/p>\n<\/div>\n<\/div>\n<\/div>\n<\/div>\n<\/div>\n<\/div>\n<\/div>\n<\/div>\n<style type=\"text\/css\" class=\"panels-style\" data-panels-style-for-post=\"146\">@import url(http:\/\/www.mihaelafluieras.ro\/wp-content\/plugins\/siteorigin-panels\/css\/front-flex.min.css); #pgc-146-0-0 { width:30%;width:calc(30% - ( 0.7 * 30px ) ) } #pl-146 #panel-146-0-0-0 , #pl-146 #panel-146-0-1-0 {  } #pgc-146-0-1 { width:70%;width:calc(70% - ( 0.3 * 30px ) ) } #pl-146 .so-panel , #pl-146 .so-panel:last-child { margin-bottom:0px } #pg-146-0.panel-no-style, #pg-146-0.panel-has-style > .panel-row-style { -webkit-align-items:flex-start;align-items:flex-start } #pgc-146-0-1 { align-self:auto } @media (max-width:780px){ #pg-146-0.panel-no-style, #pg-146-0.panel-has-style > .panel-row-style { -webkit-flex-direction:column;-ms-flex-direction:column;flex-direction:column } #pg-146-0 .panel-grid-cell { margin-right:0 } #pg-146-0 .panel-grid-cell { width:100% } #pgc-146-0-0 , #pl-146 .panel-grid .panel-grid-cell-mobile-last { margin-bottom:0px } #pl-146 .panel-grid-cell { padding:0 } #pl-146 .panel-grid .panel-grid-cell-empty { display:none }  } <\/style>\n","protected":false},"excerpt":{"rendered":"<p>[siteorigin_widget class=&#8221;WP_Widget_Media_Image&#8221;][\/siteorigin_widget] Bun\u04d1 ziua, M\u04d1 numesc Mihaela Fluiera\u1e63 \u1e63i sunt profesoar\u04d1 de englez\u04d1 \u1e63i de spaniol\u04d1. Am absolvit Facultatea de Litere din [&hellip;]<\/p>\n","protected":false},"author":1,"featured_media":0,"parent":0,"menu_order":0,"comment_status":"closed","ping_status":"closed","template":"page-templates\/page_front-page.php","meta":{"footnotes":""},"class_list":["post-146","page","type-page","status-publish","hentry"],"_links":{"self":[{"href":"https:\/\/mihaelafluieras.ro\/index.php\/wp-json\/wp\/v2\/pages\/146","targetHints":{"allow":["GET"]}}],"collection":[{"href":"https:\/\/mihaelafluieras.ro\/index.php\/wp-json\/wp\/v2\/pages"}],"about":[{"href":"https:\/\/mihaelafluieras.ro\/index.php\/wp-json\/wp\/v2\/types\/page"}],"author":[{"embeddable":true,"href":"https:\/\/mihaelafluieras.ro\/index.php\/wp-json\/wp\/v2\/users\/1"}],"replies":[{"embeddable":true,"href":"https:\/\/mihaelafluieras.ro\/index.php\/wp-json\/wp\/v2\/comments?post=146"}],"version-history":[{"count":0,"href":"https:\/\/mihaelafluieras.ro\/index.php\/wp-json\/wp\/v2\/pages\/146\/revisions"}],"wp:attachment":[{"href":"https:\/\/mihaelafluieras.ro\/index.php\/wp-json\/wp\/v2\/media?parent=146"}],"curies":[{"name":"wp","href":"https:\/\/api.w.org\/{rel}","templated":true}]}}