{"id":23,"date":"2018-05-15T17:50:53","date_gmt":"2018-05-15T16:50:53","guid":{"rendered":"http:\/\/www.mihaelafluieras.ro\/?page_id=23"},"modified":"2018-11-25T09:53:57","modified_gmt":"2018-11-25T08:53:57","slug":"limba-engleza","status":"publish","type":"page","link":"https:\/\/mihaelafluieras.ro\/index.php\/cursuri\/limba-engleza\/","title":{"rendered":"Limba ENGLEZ\u0102"},"content":{"rendered":"<p>Lec\u0163iile de limb\u0103 englez\u0103 oferite de noi, acord\u0103 o deosebit\u0103 aten\u0163ie cursantului \u015fi nevoilor acestuia, put\u00e2ndu-se desf\u0103\u015fura \u00eentr-un mod mai lent sau mai alert. \u00cen predarea cursurilor se vor folosi discu\u0163ii, simul\u0103ri, jocuri de rol, dialoguri, mini-prezent\u0103ri, materiale scrise \u015fi materiale audio-video, ajut\u00e2ndu-va s\u0103 va \u00eemboga\u0163i\u0163i cuno\u015ftin\u0163ele de limb\u0103 englez\u0103 \u015fi utilizarea fluent\u0103 a acestei limbi.<\/p>\n<p>La noi ave\u0163i parte de cursul de englez\u0103 de care ave\u0163i nevoie, particularizat pe nevoile \u015fi nivelul fiec\u0103rui cursant \u00eentr-un mediu formal sau informal.<\/p>\n<p>Structura cursului va urm\u0103ri:<br \/>\n&#8211; oferirea la cererea cursan\u0163ilor materialele auxiliare de care au nevoie, astfel \u00eenc\u00e2t s\u0103 i\u015fi acopere diferitele dificulta\u0163i pe care le au \u00een aceast\u0103 limb\u0103<br \/>\n&#8211; asigurarea cuno\u015ftin\u0163elor de gramatic\u0103 \u00een vederea comunic\u0103rii cu lejeritate<br \/>\n&#8211; dezvoltarea abilit\u0103\u0163ii de a scrie corect \u00een limba englez\u0103, evit\u00e2nd gre\u015felile des \u00eent\u00e2lnite de c\u0103tre cunosc\u0103torii de limba englez\u0103 care nu sunt nativi<br \/>\n&#8211; \u00eencurajarea ascult\u0103rii active \u015fi \u00een\u0163elegerea unor materiale audio-video autentice, care s\u0103 ofere \u00een\u0163elegerea mai bine a pronun\u0163iei din limba englez\u0103<br \/>\n&#8211; dezvoltarea abilit\u0103\u0163ii de a citi diferite texte de nivele de complexitate diferite din diverse domenii<br \/>\n&#8211; sus\u0163inerea conversa\u0163iilor prin care s\u0103 \u00eencurajeze cursan\u0163ii s\u0103 i\u015fi exprime ideile \u015fi opiniile intr-un mod elegant \u015fi cursiv<\/p>\n<p>Nivelul la care este disponibil cursul este:<br \/>\nNivel \u00ceNCEP\u0102TOR<br \/>\nNivel MEDIU<br \/>\nNivel AVANSAT<\/p>\n<p>Cursul se adreseaz\u0103:<br \/>\n\u2022 Copiilor de la 1 an la 7 ani<br \/>\n\u2022 Elevilor claselor 1-4<br \/>\n\u2022 Elevilor clasele 5-8<br \/>\n\u2022 Elevilor ce vor sus\u0163ine probe de aptitudini<br \/>\n\u2022 Liceenilor din licee teoretice sau voca\u0163ionale<br \/>\n\u2022 Liceenilor ce vor sus\u0163ine examenul de BACALEAUREAT<br \/>\n\u2022 Studen\u0163ilor afla\u0163i la o facultate din Rom\u00e2nia sau care vor s\u0103 studieze in str\u0103in\u0103tate<br \/>\n\u2022 Orc\u0103rei persoane interesate indiferent de v\u00e2rsta sau nivel<\/p>\n","protected":false},"excerpt":{"rendered":"<p>Lec\u0163iile de limb\u0103 englez\u0103 oferite de noi, acord\u0103 o deosebit\u0103 aten\u0163ie cursantului \u015fi nevoilor acestuia, put\u00e2ndu-se desf\u0103\u015fura \u00eentr-un mod mai lent sau [&hellip;]<\/p>\n","protected":false},"author":1,"featured_media":0,"parent":10,"menu_order":1,"comment_status":"open","ping_status":"closed","template":"","meta":{"footnotes":""},"class_list":["post-23","page","type-page","status-publish","hentry"],"_links":{"self":[{"href":"https:\/\/mihaelafluieras.ro\/index.php\/wp-json\/wp\/v2\/pages\/23","targetHints":{"allow":["GET"]}}],"collection":[{"href":"https:\/\/mihaelafluieras.ro\/index.php\/wp-json\/wp\/v2\/pages"}],"about":[{"href":"https:\/\/mihaelafluieras.ro\/index.php\/wp-json\/wp\/v2\/types\/page"}],"author":[{"embeddable":true,"href":"https:\/\/mihaelafluieras.ro\/index.php\/wp-json\/wp\/v2\/users\/1"}],"replies":[{"embeddable":true,"href":"https:\/\/mihaelafluieras.ro\/index.php\/wp-json\/wp\/v2\/comments?post=23"}],"version-history":[{"count":0,"href":"https:\/\/mihaelafluieras.ro\/index.php\/wp-json\/wp\/v2\/pages\/23\/revisions"}],"up":[{"embeddable":true,"href":"https:\/\/mihaelafluieras.ro\/index.php\/wp-json\/wp\/v2\/pages\/10"}],"wp:attachment":[{"href":"https:\/\/mihaelafluieras.ro\/index.php\/wp-json\/wp\/v2\/media?parent=23"}],"curies":[{"name":"wp","href":"https:\/\/api.w.org\/{rel}","templated":true}]}}