{"id":24,"date":"2018-05-15T17:50:53","date_gmt":"2018-05-15T16:50:53","guid":{"rendered":"http:\/\/www.mihaelafluieras.ro\/?page_id=24"},"modified":"2018-11-25T09:54:38","modified_gmt":"2018-11-25T08:54:38","slug":"limba-spaniola","status":"publish","type":"page","link":"https:\/\/mihaelafluieras.ro\/index.php\/cursuri\/limba-spaniola\/","title":{"rendered":"Limba SPANIOL\u0102"},"content":{"rendered":"<p>Limba spaniol\u0103 este limba care avea 470 de milioane de vorbitori nativi in 2015. Este considerat\u0103 a treia limb\u0103 din lume av\u00e2nd \u00een vedere num\u0103rul de vorbitori nativi dupa mandarin\u0103 (un dialect al limbii chineze) \u015fi englez\u0103.<br \/>\nEste o limb\u0103 care se poate inva\u0163a foarte u\u015for, daca ai al\u0103turi o profesoar\u0103 dedicat\u0103 acestei profesii.<br \/>\nLec\u0163iile de limba spaniol\u0103 sunt centrate pe nevoile cursantului put\u00e2ndu-se desf\u0103\u015fura intr-un mod mai lent sau mai alert.<br \/>\nCursul de limba spaniol\u0103 se bazeaz\u0103 pe \u00eensu\u015firea urm\u0103toarelor deprinderi:<br \/>\n&#8211; \u00eenv\u0103\u0163area gramaticii limbii spaniole evit\u00e2nd principalele gre\u015feli gramaticale<br \/>\n&#8211; scriere corect\u0103 \u00een diferite stiluri<br \/>\n&#8211; ascultarea \u015fi \u00een\u0163elegerea vorbitorilor nativi de limb\u0103 spaniol\u0103<br \/>\n&#8211; dezvoltarea abilit\u0103\u0163ii de a citi diferite texte de nivele de complexitate din diverse domenii<br \/>\n&#8211; dezvoltarea abilita\u0163ilor de comunicare \u00een purtarea unor discu\u0163ii fluente prin simul\u0103ri, jocuri de rol, dialoguri \u015fi mini-prezent\u0103ri<\/p>\n<p>Nivelul la care este disponibil cursul este:<br \/>\nNivel \u00ceNCEP\u0102TOR<br \/>\nNivel MEDIU<br \/>\nNivel AVANSAT<\/p>\n<p>Cursul se adreseaz\u0103:<br \/>\n\u2022 Copiilor de la 1 an la 7 ani<br \/>\n\u2022 Elevilor claselor 1-4<br \/>\n\u2022 Elevilor clasele 5-8<br \/>\n\u2022 Elevilor ce vor sus\u0163ine probe de aptitudini<br \/>\n\u2022 Liceenilor din licee teoretice sau voca\u0163ionale<br \/>\n\u2022 Liceenilor ce vor sus\u0163ine examenul de BACALEAUREAT<br \/>\n\u2022 Studen\u0163ilor afla\u0163i la o facultate din Rom\u00e2nia sau care vor s\u0103 studieze in str\u0103in\u0103tate<br \/>\n\u2022 Orc\u0103rei persoane interesate indiferent de v\u00e2rsta sau nivel<\/p>\n","protected":false},"excerpt":{"rendered":"<p>Limba spaniol\u0103 este limba care avea 470 de milioane de vorbitori nativi in 2015. Este considerat\u0103 a treia limb\u0103 din lume av\u00e2nd [&hellip;]<\/p>\n","protected":false},"author":1,"featured_media":0,"parent":10,"menu_order":2,"comment_status":"open","ping_status":"closed","template":"","meta":{"footnotes":""},"class_list":["post-24","page","type-page","status-publish","hentry"],"_links":{"self":[{"href":"https:\/\/mihaelafluieras.ro\/index.php\/wp-json\/wp\/v2\/pages\/24","targetHints":{"allow":["GET"]}}],"collection":[{"href":"https:\/\/mihaelafluieras.ro\/index.php\/wp-json\/wp\/v2\/pages"}],"about":[{"href":"https:\/\/mihaelafluieras.ro\/index.php\/wp-json\/wp\/v2\/types\/page"}],"author":[{"embeddable":true,"href":"https:\/\/mihaelafluieras.ro\/index.php\/wp-json\/wp\/v2\/users\/1"}],"replies":[{"embeddable":true,"href":"https:\/\/mihaelafluieras.ro\/index.php\/wp-json\/wp\/v2\/comments?post=24"}],"version-history":[{"count":0,"href":"https:\/\/mihaelafluieras.ro\/index.php\/wp-json\/wp\/v2\/pages\/24\/revisions"}],"up":[{"embeddable":true,"href":"https:\/\/mihaelafluieras.ro\/index.php\/wp-json\/wp\/v2\/pages\/10"}],"wp:attachment":[{"href":"https:\/\/mihaelafluieras.ro\/index.php\/wp-json\/wp\/v2\/media?parent=24"}],"curies":[{"name":"wp","href":"https:\/\/api.w.org\/{rel}","templated":true}]}}