{"id":25,"date":"2018-05-15T17:50:53","date_gmt":"2018-05-15T16:50:53","guid":{"rendered":"http:\/\/www.mihaelafluieras.ro\/?page_id=25"},"modified":"2018-11-25T09:55:46","modified_gmt":"2018-11-25T08:55:46","slug":"limba-engleza-pentru-aviatie","status":"publish","type":"page","link":"https:\/\/mihaelafluieras.ro\/index.php\/cursuri\/limba-engleza-pentru-aviatie\/","title":{"rendered":"Limba ENGLEZ\u0102 pentru AVIA\u0162IE"},"content":{"rendered":"<p>Limba englez\u0103 pentru avia\u0163ie se adreseaz\u0103 viitorilor sau actualilor \u00eenso\u0163itori de bord, copilo\u0163i sau pilo\u0163i precum \u015fi celor care \u00ee\u015fi desf\u0103\u015foar\u0103 activitatea \u00een domeniul avia\u0163iei.<br \/>\nProfesoara care va sus\u0163ine aceste cursuri are at\u00e2t experien\u0163a \u00een domeniul aviatic c\u00e2t \u015fi \u00een domeniul didactic \u015fi pedagogic, oferind un curs specializat bine structurat \u00een care cursan\u0163ii vor primi at\u00e2t informa\u0163ii de limb\u0103 englez\u0103 general\u0103 c\u00e2t \u015fi limb\u0103 englez\u0103 specializat\u0103.<\/p>\n<p>Structura cursului va avea urm\u0103toarele componente:<\/p>\n<p>1. Modulul de limb\u0103 englez\u0103 general\u0103<br \/>\n&#8211; No\u0163iuni de gramatic\u0103 generale<br \/>\n&#8211; Exerci\u0163ii de scriere, coresponden\u0163\u0103, CV etc.<br \/>\n&#8211; Citirea \u015fi \u00een\u0163elegerea unor texte cu grad de dificultate diferit\u0103<br \/>\n&#8211; Ascultarea activ\u0103 a unor materiale audio-video<br \/>\n&#8211; Conversa\u0163ii \u015fi jocuri de rol<\/p>\n<p>2. Modulul de limb\u0103 englez\u0103 pentru avia\u0163ie<br \/>\n&#8211; Familiarizarea cu termenii de specialitate<br \/>\n&#8211; Familiarizare cu situa\u0163ii \u00eent\u00e2lnite \u00een domeniul aviatic<br \/>\n&#8211; Preg\u0103tire de limba englez\u0103 \u00een vederea sus\u0163inerii interviului de recrutare la o companie aeriana<br \/>\n&#8211; Preg\u0103tire de limba englez\u0103 \u00een vederea ob\u0163inerii brevetului de zbor<br \/>\n&#8211; Simul\u0103ri de teste scrise la limba englez\u0103 pentru companiile aeriene<br \/>\n&#8211; Discu\u0163ii libere \u00een limba englez\u0103 pe diferite teme legate de avia\u0163ie<br \/>\n&#8211; Sesiune de \u00eentrebari-raspunsuri \u015fi feedback<\/p>\n<p>Con\u0163inutul \u015fi structura modulelor pot fi particularizate \u00een func\u0163ie de nivelul fiec\u0103rui cursant<\/p>\n<p>Cursul se adreseaz\u0103:<br \/>\n\u2022 Persoanelor care vor s\u0103 i\u015fi desf\u0103\u015foare activitatea \u00een domeniul aeronauticii (\u00eenso\u0163itori de bord, pilo\u0163i, etc.)<br \/>\n\u2022 Persoanelor care i\u015fi desf\u0103\u015foara activitatea \u00een domeniul avia\u0163iei care doresc s\u0103 dob\u00e2ndeasc\u0103 noi abilit\u0103\u0163i de comunicare folosind termeni de specialitate<br \/>\n\u2022 Persoanelor care doresc s\u0103 sus\u0163in\u0103 test\u0103ri \u00een vederea accept\u0103rii \u00een cadrul unei companii aeriene sau la ob\u0163inerea brevetelor de zbor<\/p>\n<p>Nivelul la care este disponibil cursul este:<br \/>\nNivel MEDIU<br \/>\nNivel AVANSAT<\/p>\n<p>NOU !!!<br \/>\nPreg\u0103tire in vederea sus\u0163inerii examenelor de limba pentru recrutare \u00eentr-o companie aeriana sau pentru ob\u0163inerea brevetului de zbor<\/p>\n","protected":false},"excerpt":{"rendered":"<p>Limba englez\u0103 pentru avia\u0163ie se adreseaz\u0103 viitorilor sau actualilor \u00eenso\u0163itori de bord, copilo\u0163i sau pilo\u0163i precum \u015fi celor care \u00ee\u015fi desf\u0103\u015foar\u0103 activitatea [&hellip;]<\/p>\n","protected":false},"author":1,"featured_media":0,"parent":10,"menu_order":3,"comment_status":"open","ping_status":"closed","template":"","meta":{"footnotes":""},"class_list":["post-25","page","type-page","status-publish","hentry"],"_links":{"self":[{"href":"https:\/\/mihaelafluieras.ro\/index.php\/wp-json\/wp\/v2\/pages\/25","targetHints":{"allow":["GET"]}}],"collection":[{"href":"https:\/\/mihaelafluieras.ro\/index.php\/wp-json\/wp\/v2\/pages"}],"about":[{"href":"https:\/\/mihaelafluieras.ro\/index.php\/wp-json\/wp\/v2\/types\/page"}],"author":[{"embeddable":true,"href":"https:\/\/mihaelafluieras.ro\/index.php\/wp-json\/wp\/v2\/users\/1"}],"replies":[{"embeddable":true,"href":"https:\/\/mihaelafluieras.ro\/index.php\/wp-json\/wp\/v2\/comments?post=25"}],"version-history":[{"count":0,"href":"https:\/\/mihaelafluieras.ro\/index.php\/wp-json\/wp\/v2\/pages\/25\/revisions"}],"up":[{"embeddable":true,"href":"https:\/\/mihaelafluieras.ro\/index.php\/wp-json\/wp\/v2\/pages\/10"}],"wp:attachment":[{"href":"https:\/\/mihaelafluieras.ro\/index.php\/wp-json\/wp\/v2\/media?parent=25"}],"curies":[{"name":"wp","href":"https:\/\/api.w.org\/{rel}","templated":true}]}}