{"id":27,"date":"2018-05-15T17:50:54","date_gmt":"2018-05-15T16:50:54","guid":{"rendered":"http:\/\/www.mihaelafluieras.ro\/?page_id=27"},"modified":"2018-11-25T09:55:29","modified_gmt":"2018-11-25T08:55:29","slug":"limba-spaniola-pentru-specialisti","status":"publish","type":"page","link":"https:\/\/mihaelafluieras.ro\/index.php\/cursuri\/limba-spaniola-pentru-specialisti\/","title":{"rendered":"Limba SPANIOL\u0102 pentru SPECIALI\u015eTI"},"content":{"rendered":"<p>Cursul de limb\u0103 spaniol\u0103 specializata se adreseaz\u0103 specialistului sau viitorului specialist care dore\u015fte s\u0103 dob\u00e2ndeasc\u0103 sau s\u0103 i\u015fi imboga\u0163easca cuno\u015ftin\u0163ele de limba spaniol\u0103 \u00een domenii precum: afaceri, IT, medicin\u0103, contabilitate, turism, mass-media, agricultur\u0103, etc.<br \/>\nPentru a participa la aceste cursuri nu este nevoie s\u0103 ai un nivel anterior de cunostin\u0163e cursul put\u00e2nd fi parcurs de la nivel 0 la nivel avansat.<\/p>\n<p>Structura cursului va urm\u0103ri:<br \/>\n&#8211; oferirea la cererea cursan\u0163ilor materialele auxiliare de care au nevoie, astfel \u00eenc\u00e2t s\u0103 i\u015fi acopere diferitele dificulta\u0163i pe care le au \u00een aceast\u0103 limb\u0103<br \/>\n&#8211; asigurarea cuno\u015ftin\u0163elor de gramatic\u0103 \u00een vederea comunic\u0103rii cu lejeritate<br \/>\n&#8211; dezvoltarea abilit\u0103\u0163ii de a scrie corect \u00een limba spaniol\u0103, evit\u00e2nd gre\u015felile des \u00eent\u00e2lnite de c\u0103tre cunosc\u0103torii de limba spaniol\u0103 care nu sunt nativi<br \/>\n&#8211; \u00eencurajarea ascult\u0103rii active \u015fi \u00een\u0163elegerea unor materiale audio-video autentice, care s\u0103 ofere \u00een\u0163elegerea mai bine a pronun\u0163iei din limba spaniol\u0103<br \/>\n&#8211; dezvoltarea abilit\u0103\u0163ii de a citi diferite texte de nivele de complexitate diferite din diverse domenii<br \/>\n&#8211; sus\u0163inerea conversa\u0163iilor prin care s\u0103 \u00eencurajeze cursan\u0163ii s\u0103 i\u015fi exprime ideile \u015fi opiniile intr-un mod elegant \u015fi cursiv<br \/>\n&#8211; \u00eensu\u015firea unor termini de specialitate din domeniul selectat<\/p>\n<p>Nivelul la care este disponibil cursul este:<br \/>\nNivel \u00ceNCEP\u0102TOR<br \/>\nNivel MEDIU<br \/>\nNivel AVANSAT<\/p>\n<p>Cursul se adreseaz\u0103:<br \/>\n\u2022 Viitorilor speciali\u015fti care vor s\u0103 se familiarizeze cu limbajul de specialitate din domeniul ales<br \/>\n\u2022 Speciali\u015ftilor \u00een domeniu care vor s\u0103 dob\u00e2ndeasc\u0103 noi abilita\u0163i de comunicare \u00eentr-un limbaj de specialitate<br \/>\n\u2022 Orc\u0103rei persoane interesate indiferent de v\u00e2rsta sau nivel<\/p>\n","protected":false},"excerpt":{"rendered":"<p>Cursul de limb\u0103 spaniol\u0103 specializata se adreseaz\u0103 specialistului sau viitorului specialist care dore\u015fte s\u0103 dob\u00e2ndeasc\u0103 sau s\u0103 i\u015fi imboga\u0163easca cuno\u015ftin\u0163ele de limba [&hellip;]<\/p>\n","protected":false},"author":1,"featured_media":0,"parent":10,"menu_order":5,"comment_status":"open","ping_status":"closed","template":"","meta":{"footnotes":""},"class_list":["post-27","page","type-page","status-publish","hentry"],"_links":{"self":[{"href":"https:\/\/mihaelafluieras.ro\/index.php\/wp-json\/wp\/v2\/pages\/27","targetHints":{"allow":["GET"]}}],"collection":[{"href":"https:\/\/mihaelafluieras.ro\/index.php\/wp-json\/wp\/v2\/pages"}],"about":[{"href":"https:\/\/mihaelafluieras.ro\/index.php\/wp-json\/wp\/v2\/types\/page"}],"author":[{"embeddable":true,"href":"https:\/\/mihaelafluieras.ro\/index.php\/wp-json\/wp\/v2\/users\/1"}],"replies":[{"embeddable":true,"href":"https:\/\/mihaelafluieras.ro\/index.php\/wp-json\/wp\/v2\/comments?post=27"}],"version-history":[{"count":0,"href":"https:\/\/mihaelafluieras.ro\/index.php\/wp-json\/wp\/v2\/pages\/27\/revisions"}],"up":[{"embeddable":true,"href":"https:\/\/mihaelafluieras.ro\/index.php\/wp-json\/wp\/v2\/pages\/10"}],"wp:attachment":[{"href":"https:\/\/mihaelafluieras.ro\/index.php\/wp-json\/wp\/v2\/media?parent=27"}],"curies":[{"name":"wp","href":"https:\/\/api.w.org\/{rel}","templated":true}]}}