{"id":28,"date":"2018-05-15T17:50:54","date_gmt":"2018-05-15T16:50:54","guid":{"rendered":"http:\/\/www.mihaelafluieras.ro\/?page_id=28"},"modified":"2018-11-25T09:55:14","modified_gmt":"2018-11-25T08:55:14","slug":"romanian-as-a-foreign-language","status":"publish","type":"page","link":"https:\/\/mihaelafluieras.ro\/index.php\/romanian-as-a-foreign-language\/","title":{"rendered":"Romanian as a foreign language"},"content":{"rendered":"<p>Learn with us a Romance language that will enlarge your vision about the world. If you already speak French, Italian, Spanish or Portuguese, you will find Romanian quite easy to learn! If you speak another language, Romanian will be an opportunity to discover a different way of perceiving the world.  Romanian is very friendly and it could help you in your stay in Romania and not only. I have been teaching Romanian for many years and I am really passionate about it. We can communicate in many foreign languages as English, Spanish, Italian, French and Portuguese.<\/p>\n<p>Bine a\u0163i venit \u00een Rom\u00e2nia! Welcome to Romania! <\/p>\n","protected":false},"excerpt":{"rendered":"<p>Learn with us a Romance language that will enlarge your vision about the world. If you already speak French, Italian, Spanish or [&hellip;]<\/p>\n","protected":false},"author":1,"featured_media":20,"parent":0,"menu_order":0,"comment_status":"open","ping_status":"closed","template":"","meta":{"footnotes":""},"class_list":["post-28","page","type-page","status-publish","has-post-thumbnail","hentry"],"_links":{"self":[{"href":"https:\/\/mihaelafluieras.ro\/index.php\/wp-json\/wp\/v2\/pages\/28","targetHints":{"allow":["GET"]}}],"collection":[{"href":"https:\/\/mihaelafluieras.ro\/index.php\/wp-json\/wp\/v2\/pages"}],"about":[{"href":"https:\/\/mihaelafluieras.ro\/index.php\/wp-json\/wp\/v2\/types\/page"}],"author":[{"embeddable":true,"href":"https:\/\/mihaelafluieras.ro\/index.php\/wp-json\/wp\/v2\/users\/1"}],"replies":[{"embeddable":true,"href":"https:\/\/mihaelafluieras.ro\/index.php\/wp-json\/wp\/v2\/comments?post=28"}],"version-history":[{"count":0,"href":"https:\/\/mihaelafluieras.ro\/index.php\/wp-json\/wp\/v2\/pages\/28\/revisions"}],"wp:featuredmedia":[{"embeddable":true,"href":"https:\/\/mihaelafluieras.ro\/index.php\/wp-json\/wp\/v2\/media\/20"}],"wp:attachment":[{"href":"https:\/\/mihaelafluieras.ro\/index.php\/wp-json\/wp\/v2\/media?parent=28"}],"curies":[{"name":"wp","href":"https:\/\/api.w.org\/{rel}","templated":true}]}}